{"id":208,"date":"2023-01-14T12:24:59","date_gmt":"2023-01-14T12:24:59","guid":{"rendered":"https:\/\/www.natsource.fr\/?page_id=208"},"modified":"2024-01-04T09:54:04","modified_gmt":"2024-01-04T09:54:04","slug":"a-propos","status":"publish","type":"page","link":"https:\/\/www.natsource.fr\/es\/a-propos\/","title":{"rendered":"Qui\u00e9nes somos"},"content":{"rendered":"<div data-elementor-type=\"wp-page\" data-elementor-id=\"208\" class=\"elementor elementor-208\" data-elementor-post-type=\"page\">\n\t\t\t\t\t\t<section class=\"elementor-section elementor-top-section elementor-element elementor-element-24b1c189 elementor-section-boxed elementor-section-height-default elementor-section-height-default\" data-id=\"24b1c189\" data-element_type=\"section\" data-settings=\"{&quot;background_background&quot;:&quot;classic&quot;}\">\n\t\t\t\t\t\t\t<div class=\"elementor-background-overlay\"><\/div>\n\t\t\t\t\t\t\t<div class=\"elementor-container elementor-column-gap-default\">\n\t\t\t\t\t<div class=\"elementor-column elementor-col-100 elementor-top-column elementor-element elementor-element-231636c9\" data-id=\"231636c9\" data-element_type=\"column\">\n\t\t\t<div class=\"elementor-widget-wrap elementor-element-populated\">\n\t\t\t\t\t\t<section class=\"elementor-section elementor-inner-section elementor-element elementor-element-a49ad16 elementor-section-boxed elementor-section-height-default elementor-section-height-default\" data-id=\"a49ad16\" data-element_type=\"section\">\n\t\t\t\t\t\t<div class=\"elementor-container elementor-column-gap-no\">\n\t\t\t\t\t<div class=\"elementor-column elementor-col-100 elementor-inner-column elementor-element elementor-element-36bb0aaf\" data-id=\"36bb0aaf\" data-element_type=\"column\">\n\t\t\t<div class=\"elementor-widget-wrap elementor-element-populated\">\n\t\t\t\t\t\t<div class=\"elementor-element elementor-element-36216dcb elementor-invisible elementor-widget elementor-widget-heading\" data-id=\"36216dcb\" data-element_type=\"widget\" data-settings=\"{&quot;_animation&quot;:&quot;fadeInDown&quot;}\" data-widget_type=\"heading.default\">\n\t\t\t\t<div class=\"elementor-widget-container\">\n\t\t\t<h2 class=\"elementor-heading-title elementor-size-default\">Qui\u00e9nes somos<\/h2>\t\t<\/div>\n\t\t\t\t<\/div>\n\t\t\t\t\t<\/div>\n\t\t<\/div>\n\t\t\t\t\t<\/div>\n\t\t<\/section>\n\t\t\t\t\t<\/div>\n\t\t<\/div>\n\t\t\t\t\t<\/div>\n\t\t<\/section>\n\t\t\t\t<section class=\"elementor-section elementor-top-section elementor-element elementor-element-6ce8a1c8 elementor-section-boxed elementor-section-height-default elementor-section-height-default\" data-id=\"6ce8a1c8\" data-element_type=\"section\">\n\t\t\t\t\t\t<div class=\"elementor-container elementor-column-gap-default\">\n\t\t\t\t\t<div class=\"elementor-column elementor-col-100 elementor-top-column elementor-element elementor-element-4bbf2729\" data-id=\"4bbf2729\" data-element_type=\"column\">\n\t\t\t<div class=\"elementor-widget-wrap elementor-element-populated\">\n\t\t\t\t\t\t<section class=\"elementor-section elementor-inner-section elementor-element elementor-element-67367ba3 elementor-section-boxed elementor-section-height-default elementor-section-height-default\" data-id=\"67367ba3\" data-element_type=\"section\">\n\t\t\t\t\t\t<div class=\"elementor-container elementor-column-gap-default\">\n\t\t\t\t\t<div class=\"elementor-column elementor-col-50 elementor-inner-column elementor-element elementor-element-72a89696\" data-id=\"72a89696\" data-element_type=\"column\">\n\t\t\t<div class=\"elementor-widget-wrap elementor-element-populated\">\n\t\t\t\t\t\t<div class=\"elementor-element elementor-element-31789872 elementor-widget elementor-widget-heading\" data-id=\"31789872\" data-element_type=\"widget\" data-widget_type=\"heading.default\">\n\t\t\t\t<div class=\"elementor-widget-container\">\n\t\t\t<h2 class=\"elementor-heading-title elementor-size-default\">QUI\u00c9NES SOMOS<\/h2>\t\t<\/div>\n\t\t\t\t<\/div>\n\t\t\t\t<div class=\"elementor-element elementor-element-3992a449 elementor-invisible elementor-widget elementor-widget-elementskit-heading\" data-id=\"3992a449\" data-element_type=\"widget\" data-settings=\"{&quot;_animation&quot;:&quot;fadeInDown&quot;}\" data-widget_type=\"elementskit-heading.default\">\n\t\t\t\t<div class=\"elementor-widget-container\">\n\t\t\t<div class=\"ekit-wid-con\" ><div class=\"ekit-heading elementskit-section-title-wraper text_left   ekit_heading_tablet-   ekit_heading_mobile-\"><h2 class=\"ekit-heading--title elementskit-section-title\">\u00bfQu\u00e9 significa <span><span>Natsource<\/span><\/span>?<\/h2><\/div><\/div>\t\t<\/div>\n\t\t\t\t<\/div>\n\t\t\t\t<div class=\"elementor-element elementor-element-445a252c elementor-widget elementor-widget-text-editor\" data-id=\"445a252c\" data-element_type=\"widget\" data-widget_type=\"text-editor.default\">\n\t\t\t\t<div class=\"elementor-widget-container\">\n\t\t\t\t\t\t\t<p>Natsource es una empresa francesa especializada en el suministro de fertilizantes, bioestimulantes, enmiendas del suelo y correctores de carencias. Gracias a nuestro compromiso con las pr\u00e1cticas agr\u00edcolas sostenibles, somos su socio de confianza para soluciones innovadoras y respetuosas con el medio ambiente.<\/p>\t\t\t\t\t\t<\/div>\n\t\t\t\t<\/div>\n\t\t\t\t<div class=\"elementor-element elementor-element-2b4995ee elementor-widget elementor-widget-button\" data-id=\"2b4995ee\" data-element_type=\"widget\" data-widget_type=\"button.default\">\n\t\t\t\t<div class=\"elementor-widget-container\">\n\t\t\t\t\t<div class=\"elementor-button-wrapper\">\n\t\t\t<a class=\"elementor-button elementor-button-link elementor-size-sm\" href=\"https:\/\/www.natsource.fr\/contact\/\">\n\t\t\t\t\t\t<span class=\"elementor-button-content-wrapper\">\n\t\t\t\t\t\t\t\t\t<span class=\"elementor-button-text\">P\u00f3ngase en contacto con nosotros<\/span>\n\t\t\t\t\t<\/span>\n\t\t\t\t\t<\/a>\n\t\t<\/div>\n\t\t\t\t<\/div>\n\t\t\t\t<\/div>\n\t\t\t\t\t<\/div>\n\t\t<\/div>\n\t\t\t\t<div class=\"elementor-column elementor-col-50 elementor-inner-column elementor-element elementor-element-725b7c16 elementor-invisible\" data-id=\"725b7c16\" data-element_type=\"column\" data-settings=\"{&quot;animation&quot;:&quot;fadeInRight&quot;}\">\n\t\t\t<div class=\"elementor-widget-wrap elementor-element-populated\">\n\t\t\t\t\t\t<div class=\"elementor-element elementor-element-73bc1ba9 elementor-widget elementor-widget-image\" data-id=\"73bc1ba9\" data-element_type=\"widget\" data-widget_type=\"image.default\">\n\t\t\t\t<div class=\"elementor-widget-container\">\n\t\t\t\t\t\t\t\t\t\t\t\t\t<img fetchpriority=\"high\" decoding=\"async\" width=\"1000\" height=\"1000\" src=\"https:\/\/www.natsource.fr\/wp-content\/uploads\/2023\/01\/natsource-logo.jpg\" class=\"attachment-full size-full wp-image-6\" alt=\"logotipo de natsource\" srcset=\"https:\/\/www.natsource.fr\/wp-content\/uploads\/2023\/01\/natsource-logo.jpg 1000w, https:\/\/www.natsource.fr\/wp-content\/uploads\/2023\/01\/natsource-logo-300x300.jpg 300w, https:\/\/www.natsource.fr\/wp-content\/uploads\/2023\/01\/natsource-logo-150x150.jpg 150w, https:\/\/www.natsource.fr\/wp-content\/uploads\/2023\/01\/natsource-logo-768x768.jpg 768w\" sizes=\"(max-width: 1000px) 100vw, 1000px\" \/>\t\t\t\t\t\t\t\t\t\t\t\t\t<\/div>\n\t\t\t\t<\/div>\n\t\t\t\t\t<\/div>\n\t\t<\/div>\n\t\t\t\t\t<\/div>\n\t\t<\/section>\n\t\t\t\t\t<\/div>\n\t\t<\/div>\n\t\t\t\t\t<\/div>\n\t\t<\/section>\n\t\t\t\t<section class=\"elementor-section elementor-top-section elementor-element elementor-element-7098b437 elementor-section-boxed elementor-section-height-default elementor-section-height-default\" data-id=\"7098b437\" data-element_type=\"section\" data-settings=\"{&quot;background_background&quot;:&quot;classic&quot;}\">\n\t\t\t\t\t\t\t<div class=\"elementor-background-overlay\"><\/div>\n\t\t\t\t\t\t\t<div class=\"elementor-container elementor-column-gap-default\">\n\t\t\t\t\t<div class=\"elementor-column elementor-col-50 elementor-top-column elementor-element elementor-element-586fc640 elementor-invisible\" data-id=\"586fc640\" data-element_type=\"column\" data-settings=\"{&quot;animation&quot;:&quot;fadeInUp&quot;}\">\n\t\t\t<div class=\"elementor-widget-wrap elementor-element-populated\">\n\t\t\t\t\t\t<div class=\"elementor-element elementor-element-17f056d6 elementor-widget elementor-widget-heading\" data-id=\"17f056d6\" data-element_type=\"widget\" data-widget_type=\"heading.default\">\n\t\t\t\t<div class=\"elementor-widget-container\">\n\t\t\t<h2 class=\"elementor-heading-title elementor-size-default\">Nuestra filosof\u00eda<\/h2>\t\t<\/div>\n\t\t\t\t<\/div>\n\t\t\t\t<div class=\"elementor-element elementor-element-1df24474 elementor-widget elementor-widget-text-editor\" data-id=\"1df24474\" data-element_type=\"widget\" data-widget_type=\"text-editor.default\">\n\t\t\t\t<div class=\"elementor-widget-container\">\n\t\t\t\t\t\t\t<p>Su socio para soluciones agr\u00edcolas sostenibles<\/p>\t\t\t\t\t\t<\/div>\n\t\t\t\t<\/div>\n\t\t\t\t\t<\/div>\n\t\t<\/div>\n\t\t\t\t<div class=\"elementor-column elementor-col-50 elementor-top-column elementor-element elementor-element-1191df14 elementor-invisible\" data-id=\"1191df14\" data-element_type=\"column\" data-settings=\"{&quot;animation&quot;:&quot;fadeInRight&quot;}\">\n\t\t\t<div class=\"elementor-widget-wrap elementor-element-populated\">\n\t\t\t\t\t\t<div class=\"elementor-element elementor-element-346f72 elementor-widget elementor-widget-text-editor\" data-id=\"346f72\" data-element_type=\"widget\" data-widget_type=\"text-editor.default\">\n\t\t\t\t<div class=\"elementor-widget-container\">\n\t\t\t\t\t\t\t<p>Nuestra empresa es consciente de la importancia crucial de la fertilidad del suelo para el \u00e9xito de los cultivos. Ofrecemos una amplia gama de fertilizantes de alta calidad, formulados espec\u00edficamente para satisfacer las necesidades nutricionales de los distintos cultivos. Tanto si cultiva cereales como hortalizas, frutas o flores, tenemos las soluciones adecuadas para sus necesidades espec\u00edficas.<\/p><p>Adem\u00e1s de fertilizantes, tambi\u00e9n ofrecemos bioestimulantes, productos que favorecen el crecimiento y la salud de las plantas de forma natural. Nuestros bioestimulantes se desarrollan a partir de ingredientes naturales cuidadosamente seleccionados y est\u00e1n dise\u00f1ados para mejorar la resistencia de las plantas al estr\u00e9s, estimular su metabolismo y fortalecer su sistema radicular.<\/p><p>En Natsource somos conscientes de la importancia de la calidad del suelo. Por eso suministramos enmiendas del suelo que ayudan a mejorar la estructura del suelo, ajustar el pH y aumentar la capacidad de retenci\u00f3n de agua. Nuestras enmiendas del suelo est\u00e1n hechas de materiales org\u00e1nicos de alta calidad, como compost y residuos de cultivos, que nutren el suelo y promueven una actividad biol\u00f3gica saludable.<\/p><p>Adem\u00e1s, ofrecemos una gama completa de correctores de carencias para satisfacer las necesidades espec\u00edficas de sus cultivos. Nuestros productos est\u00e1n formulados para corregir las carencias de nutrientes, como nitr\u00f3geno, f\u00f3sforo, potasio y otros nutrientes esenciales, para garantizar un crecimiento \u00f3ptimo de las plantas.<\/p><p>En Natsource nos dedicamos a promover pr\u00e1cticas agr\u00edcolas sostenibles y respetuosas con el medio ambiente. Nos comprometemos a ofrecer productos de alta calidad, desarrollados con un enfoque cient\u00edfico y rigurosas normas de control de calidad. Trabajamos en estrecha colaboraci\u00f3n con nuestros clientes para comprender sus necesidades espec\u00edficas y ofrecer soluciones a medida que maximicen el rendimiento minimizando el impacto medioambiental.<\/p><p>Tanto si es un peque\u00f1o agricultor familiar como una gran explotaci\u00f3n, estamos aqu\u00ed para ayudarle con nuestra experiencia y compromiso con su \u00e9xito. Con Natsource, puede contar con productos fiables, asistencia t\u00e9cnica profesional y soluciones adaptadas a sus necesidades agr\u00edcolas espec\u00edficas.<\/p><p>P\u00f3ngase en contacto con nosotros hoy mismo para descubrir c\u00f3mo nuestros fertilizantes, bioestimulantes, enmiendas del suelo y correctores de carencias pueden ayudarle a mejorar sus pr\u00e1cticas agr\u00edcolas y producir cosechas m\u00e1s sanas y abundantes. Natsource, su socio en soluciones agr\u00edcolas sostenibles.<\/p>\t\t\t\t\t\t<\/div>\n\t\t\t\t<\/div>\n\t\t\t\t<div class=\"elementor-element elementor-element-dd4841a elementor-widget elementor-widget-button\" data-id=\"dd4841a\" data-element_type=\"widget\" data-widget_type=\"button.default\">\n\t\t\t\t<div class=\"elementor-widget-container\">\n\t\t\t\t\t<div class=\"elementor-button-wrapper\">\n\t\t\t<a class=\"elementor-button elementor-button-link elementor-size-sm\" href=\"https:\/\/www.natsource.fr\/contact\/\">\n\t\t\t\t\t\t<span class=\"elementor-button-content-wrapper\">\n\t\t\t\t\t\t\t\t\t<span class=\"elementor-button-text\">P\u00f3ngase en contacto con nosotros<\/span>\n\t\t\t\t\t<\/span>\n\t\t\t\t\t<\/a>\n\t\t<\/div>\n\t\t\t\t<\/div>\n\t\t\t\t<\/div>\n\t\t\t\t\t<\/div>\n\t\t<\/div>\n\t\t\t\t\t<\/div>\n\t\t<\/section>\n\t\t\t\t<\/div>","protected":false},"excerpt":{"rendered":"<p>Qui\u00e9nes somos \u00bfQu\u00e9 hace Natsource? Natsource es una empresa francesa especializada en el suministro de fertilizantes, bioestimulantes, enmiendas del suelo y correctores de carencias. Gracias a nuestro compromiso con las pr\u00e1cticas agr\u00edcolas sostenibles, somos su socio de confianza para soluciones innovadoras y respetuosas con el medio ambiente. Contacto Nuestra filosof\u00eda Su [...]<\/p>","protected":false},"author":1,"featured_media":0,"parent":0,"menu_order":0,"comment_status":"closed","ping_status":"closed","template":"elementor_header_footer","meta":{"om_disable_all_campaigns":false,"_monsterinsights_skip_tracking":false,"_monsterinsights_sitenote_active":false,"_monsterinsights_sitenote_note":"","_monsterinsights_sitenote_category":0,"footnotes":""},"class_list":["post-208","page","type-page","status-publish","hentry"],"yoast_head":"<!-- This site is optimized with the Yoast SEO plugin v23.5 - https:\/\/yoast.com\/wordpress\/plugins\/seo\/ -->\n<title>Natsource - \u00c0 propos de nous<\/title>\n<meta name=\"description\" content=\"Depuis 2018, Natsource source, formule et distribue des fertilisants, biostimulants, amendements et \u00e9quipements pour l&#039;agriculture.\" \/>\n<meta name=\"robots\" content=\"index, follow, max-snippet:-1, max-image-preview:large, max-video-preview:-1\" \/>\n<link rel=\"canonical\" href=\"https:\/\/www.natsource.fr\/es\/a-propos\/\" \/>\n<meta property=\"og:locale\" content=\"es_ES\" \/>\n<meta property=\"og:type\" content=\"article\" \/>\n<meta property=\"og:title\" content=\"Natsource - \u00c0 propos de nous\" \/>\n<meta property=\"og:description\" content=\"Depuis 2018, Natsource source, formule et distribue des fertilisants, biostimulants, amendements et \u00e9quipements pour l&#039;agriculture.\" \/>\n<meta property=\"og:url\" content=\"https:\/\/www.natsource.fr\/es\/a-propos\/\" \/>\n<meta property=\"og:site_name\" content=\"Natsource\" \/>\n<meta property=\"article:modified_time\" content=\"2024-01-04T09:54:04+00:00\" \/>\n<meta property=\"og:image\" content=\"http:\/\/www.natsource.fr\/wp-content\/uploads\/2023\/01\/natsource-logo.jpg\" \/>\n<meta name=\"twitter:card\" content=\"summary_large_image\" \/>\n<meta name=\"twitter:label1\" content=\"Tiempo de lectura\" \/>\n\t<meta name=\"twitter:data1\" content=\"3 minutos\" \/>\n<script type=\"application\/ld+json\" class=\"yoast-schema-graph\">{\"@context\":\"https:\/\/schema.org\",\"@graph\":[{\"@type\":\"WebPage\",\"@id\":\"https:\/\/www.natsource.fr\/de\/a-propos\/\",\"url\":\"https:\/\/www.natsource.fr\/de\/a-propos\/\",\"name\":\"Natsource - \u00c0 propos de nous\",\"isPartOf\":{\"@id\":\"https:\/\/www.natsource.fr\/es\/#website\"},\"primaryImageOfPage\":{\"@id\":\"https:\/\/www.natsource.fr\/de\/a-propos\/#primaryimage\"},\"image\":{\"@id\":\"https:\/\/www.natsource.fr\/de\/a-propos\/#primaryimage\"},\"thumbnailUrl\":\"http:\/\/www.natsource.fr\/wp-content\/uploads\/2023\/01\/natsource-logo.jpg\",\"datePublished\":\"2023-01-14T12:24:59+00:00\",\"dateModified\":\"2024-01-04T09:54:04+00:00\",\"description\":\"Depuis 2018, Natsource source, formule et distribue des fertilisants, biostimulants, amendements et \u00e9quipements pour l'agriculture.\",\"breadcrumb\":{\"@id\":\"https:\/\/www.natsource.fr\/de\/a-propos\/#breadcrumb\"},\"inLanguage\":\"es\",\"potentialAction\":[{\"@type\":\"ReadAction\",\"target\":[\"https:\/\/www.natsource.fr\/de\/a-propos\/\"]}]},{\"@type\":\"ImageObject\",\"inLanguage\":\"es\",\"@id\":\"https:\/\/www.natsource.fr\/de\/a-propos\/#primaryimage\",\"url\":\"http:\/\/www.natsource.fr\/wp-content\/uploads\/2023\/01\/natsource-logo.jpg\",\"contentUrl\":\"http:\/\/www.natsource.fr\/wp-content\/uploads\/2023\/01\/natsource-logo.jpg\"},{\"@type\":\"BreadcrumbList\",\"@id\":\"https:\/\/www.natsource.fr\/de\/a-propos\/#breadcrumb\",\"itemListElement\":[{\"@type\":\"ListItem\",\"position\":1,\"name\":\"Home\",\"item\":\"https:\/\/www.natsource.fr\/es\/\"},{\"@type\":\"ListItem\",\"position\":2,\"name\":\"\u00c0 propos\"}]},{\"@type\":\"WebSite\",\"@id\":\"https:\/\/www.natsource.fr\/es\/#website\",\"url\":\"https:\/\/www.natsource.fr\/es\/\",\"name\":\"Natsource\",\"description\":\"\",\"publisher\":{\"@id\":\"https:\/\/www.natsource.fr\/es\/#organization\"},\"potentialAction\":[{\"@type\":\"SearchAction\",\"target\":{\"@type\":\"EntryPoint\",\"urlTemplate\":\"https:\/\/www.natsource.fr\/es\/?s={search_term_string}\"},\"query-input\":{\"@type\":\"PropertyValueSpecification\",\"valueRequired\":true,\"valueName\":\"search_term_string\"}}],\"inLanguage\":\"es\"},{\"@type\":\"Organization\",\"@id\":\"https:\/\/www.natsource.fr\/es\/#organization\",\"name\":\"Natsource\",\"url\":\"https:\/\/www.natsource.fr\/es\/\",\"logo\":{\"@type\":\"ImageObject\",\"inLanguage\":\"es\",\"@id\":\"https:\/\/www.natsource.fr\/es\/#\/schema\/logo\/image\/\",\"url\":\"\",\"contentUrl\":\"\",\"caption\":\"Natsource\"},\"image\":{\"@id\":\"https:\/\/www.natsource.fr\/es\/#\/schema\/logo\/image\/\"},\"sameAs\":[\"https:\/\/www.linkedin.com\/company\/natsource-fr\/\"]}]}<\/script>\n<!-- \/ Yoast SEO plugin. -->","yoast_head_json":{"title":"Natsource - \u00c0 propos de nous","description":"Depuis 2018, Natsource source, formule et distribue des fertilisants, biostimulants, amendements et \u00e9quipements pour l'agriculture.","robots":{"index":"index","follow":"follow","max-snippet":"max-snippet:-1","max-image-preview":"max-image-preview:large","max-video-preview":"max-video-preview:-1"},"canonical":"https:\/\/www.natsource.fr\/es\/a-propos\/","og_locale":"es_ES","og_type":"article","og_title":"Natsource - \u00c0 propos de nous","og_description":"Depuis 2018, Natsource source, formule et distribue des fertilisants, biostimulants, amendements et \u00e9quipements pour l'agriculture.","og_url":"https:\/\/www.natsource.fr\/es\/a-propos\/","og_site_name":"Natsource","article_modified_time":"2024-01-04T09:54:04+00:00","og_image":[{"url":"http:\/\/www.natsource.fr\/wp-content\/uploads\/2023\/01\/natsource-logo.jpg"}],"twitter_card":"summary_large_image","twitter_misc":{"Tiempo de lectura":"3 minutos"},"schema":{"@context":"https:\/\/schema.org","@graph":[{"@type":"WebPage","@id":"https:\/\/www.natsource.fr\/de\/a-propos\/","url":"https:\/\/www.natsource.fr\/de\/a-propos\/","name":"Natsource - \u00c0 propos de nous","isPartOf":{"@id":"https:\/\/www.natsource.fr\/es\/#website"},"primaryImageOfPage":{"@id":"https:\/\/www.natsource.fr\/de\/a-propos\/#primaryimage"},"image":{"@id":"https:\/\/www.natsource.fr\/de\/a-propos\/#primaryimage"},"thumbnailUrl":"http:\/\/www.natsource.fr\/wp-content\/uploads\/2023\/01\/natsource-logo.jpg","datePublished":"2023-01-14T12:24:59+00:00","dateModified":"2024-01-04T09:54:04+00:00","description":"Depuis 2018, Natsource source, formule et distribue des fertilisants, biostimulants, amendements et \u00e9quipements pour l'agriculture.","breadcrumb":{"@id":"https:\/\/www.natsource.fr\/de\/a-propos\/#breadcrumb"},"inLanguage":"es","potentialAction":[{"@type":"ReadAction","target":["https:\/\/www.natsource.fr\/de\/a-propos\/"]}]},{"@type":"ImageObject","inLanguage":"es","@id":"https:\/\/www.natsource.fr\/de\/a-propos\/#primaryimage","url":"http:\/\/www.natsource.fr\/wp-content\/uploads\/2023\/01\/natsource-logo.jpg","contentUrl":"http:\/\/www.natsource.fr\/wp-content\/uploads\/2023\/01\/natsource-logo.jpg"},{"@type":"BreadcrumbList","@id":"https:\/\/www.natsource.fr\/de\/a-propos\/#breadcrumb","itemListElement":[{"@type":"ListItem","position":1,"name":"Home","item":"https:\/\/www.natsource.fr\/es\/"},{"@type":"ListItem","position":2,"name":"\u00c0 propos"}]},{"@type":"WebSite","@id":"https:\/\/www.natsource.fr\/es\/#website","url":"https:\/\/www.natsource.fr\/es\/","name":"Natsource","description":"","publisher":{"@id":"https:\/\/www.natsource.fr\/es\/#organization"},"potentialAction":[{"@type":"SearchAction","target":{"@type":"EntryPoint","urlTemplate":"https:\/\/www.natsource.fr\/es\/?s={search_term_string}"},"query-input":{"@type":"PropertyValueSpecification","valueRequired":true,"valueName":"search_term_string"}}],"inLanguage":"es"},{"@type":"Organization","@id":"https:\/\/www.natsource.fr\/es\/#organization","name":"Natsource","url":"https:\/\/www.natsource.fr\/es\/","logo":{"@type":"ImageObject","inLanguage":"es","@id":"https:\/\/www.natsource.fr\/es\/#\/schema\/logo\/image\/","url":"","contentUrl":"","caption":"Natsource"},"image":{"@id":"https:\/\/www.natsource.fr\/es\/#\/schema\/logo\/image\/"},"sameAs":["https:\/\/www.linkedin.com\/company\/natsource-fr\/"]}]}},"_links":{"self":[{"href":"https:\/\/www.natsource.fr\/es\/wp-json\/wp\/v2\/pages\/208","targetHints":{"allow":["GET"]}}],"collection":[{"href":"https:\/\/www.natsource.fr\/es\/wp-json\/wp\/v2\/pages"}],"about":[{"href":"https:\/\/www.natsource.fr\/es\/wp-json\/wp\/v2\/types\/page"}],"author":[{"embeddable":true,"href":"https:\/\/www.natsource.fr\/es\/wp-json\/wp\/v2\/users\/1"}],"replies":[{"embeddable":true,"href":"https:\/\/www.natsource.fr\/es\/wp-json\/wp\/v2\/comments?post=208"}],"version-history":[{"count":20,"href":"https:\/\/www.natsource.fr\/es\/wp-json\/wp\/v2\/pages\/208\/revisions"}],"predecessor-version":[{"id":1049,"href":"https:\/\/www.natsource.fr\/es\/wp-json\/wp\/v2\/pages\/208\/revisions\/1049"}],"wp:attachment":[{"href":"https:\/\/www.natsource.fr\/es\/wp-json\/wp\/v2\/media?parent=208"}],"curies":[{"name":"wp","href":"https:\/\/api.w.org\/{rel}","templated":true}]}}