{"id":377,"date":"2023-01-18T20:54:29","date_gmt":"2023-01-18T20:54:29","guid":{"rendered":"https:\/\/www.natsource.fr\/?page_id=377"},"modified":"2024-06-11T14:56:39","modified_gmt":"2024-06-11T14:56:39","slug":"mentions-legales","status":"publish","type":"page","link":"https:\/\/www.natsource.fr\/es\/informacion-legal\/","title":{"rendered":"Informaci\u00f3n jur\u00eddica"},"content":{"rendered":"<div data-elementor-type=\"wp-page\" data-elementor-id=\"377\" class=\"elementor elementor-377\" data-elementor-post-type=\"page\">\n\t\t\t\t\t\t<section class=\"elementor-section elementor-top-section elementor-element elementor-element-ae68b88 elementor-section-boxed elementor-section-height-default elementor-section-height-default\" data-id=\"ae68b88\" data-element_type=\"section\">\n\t\t\t\t\t\t<div class=\"elementor-container elementor-column-gap-default\">\n\t\t\t\t\t<div class=\"elementor-column elementor-col-100 elementor-top-column elementor-element elementor-element-8c3b670\" data-id=\"8c3b670\" data-element_type=\"column\">\n\t\t\t<div class=\"elementor-widget-wrap elementor-element-populated\">\n\t\t\t\t\t\t<div class=\"elementor-element elementor-element-278c69e elementor-hidden-desktop elementor-hidden-tablet elementor-hidden-mobile elementor-widget elementor-widget-heading\" data-id=\"278c69e\" data-element_type=\"widget\" data-widget_type=\"heading.default\">\n\t\t\t\t<div class=\"elementor-widget-container\">\n\t\t\t<h1 class=\"elementor-heading-title elementor-size-default\">Informaci\u00f3n jur\u00eddica<\/h1>\t\t<\/div>\n\t\t\t\t<\/div>\n\t\t\t\t\t<\/div>\n\t\t<\/div>\n\t\t\t\t\t<\/div>\n\t\t<\/section>\n\t\t\t\t<section class=\"elementor-section elementor-top-section elementor-element elementor-element-b1e96dd elementor-section-boxed elementor-section-height-default elementor-section-height-default\" data-id=\"b1e96dd\" data-element_type=\"section\">\n\t\t\t\t\t\t<div class=\"elementor-container elementor-column-gap-default\">\n\t\t\t\t\t<div class=\"elementor-column elementor-col-100 elementor-top-column elementor-element elementor-element-f74f9ca\" data-id=\"f74f9ca\" data-element_type=\"column\">\n\t\t\t<div class=\"elementor-widget-wrap elementor-element-populated\">\n\t\t\t\t\t\t<div class=\"elementor-element elementor-element-9fc0618 elementor-widget__width-initial elementor-widget elementor-widget-text-editor\" data-id=\"9fc0618\" data-element_type=\"widget\" data-widget_type=\"text-editor.default\">\n\t\t\t\t<div class=\"elementor-widget-container\">\n\t\t\t\t\t\t\t<h2>Informaci\u00f3n jur\u00eddica y pol\u00edtica de privacidad<\/h2><p>Natsource - Biohorti S.L. se preocupa por los derechos de las personas f\u00edsicas, especialmente en lo que respecta al tratamiento automatizado, y en aras de la transparencia con sus clientes, ha elaborado una pol\u00edtica que abarca todos estos tratamientos, los fines para los que se llevan a cabo y los medios de acci\u00f3n a disposici\u00f3n de las personas f\u00edsicas para que puedan ejercer sus derechos de la forma m\u00e1s completa posible.<\/p><p>Para m\u00e1s informaci\u00f3n sobre la protecci\u00f3n de datos personales, consulte el siguiente sitio web: https:\/\/www.cnil.fr\/<\/p><p>La navegaci\u00f3n continuada por este sitio implica la aceptaci\u00f3n sin reservas de las siguientes disposiciones y condiciones de uso.<\/p><p>La versi\u00f3n en l\u00ednea actual de estas condiciones de uso es la \u00fanica versi\u00f3n que puede invocarse durante todo el periodo de uso del sitio y hasta que una nueva versi\u00f3n la sustituya.<\/p><h3><strong>Art\u00edculo 1 - Informaci\u00f3n jur\u00eddica<\/strong><\/h3><p><u>1.1 Sitio (en lo sucesivo, \"el sitio\")<\/u>\u00a0:<\/p><p>www.natsource.fr<\/p><p><u>1.2 Editor (en adelante \"el Editor\")<\/u>\u00a0:<\/p><div><p>Natsource - Biohorti S.L<\/p><p>con domicilio social en Carrer Sud 1, 08329 Teia, Barcelona, Espa\u00f1a<\/p><p>tel\u00e9fono: +34 936 385 174<\/p><p>direcci\u00f3n de correo electr\u00f3nico: contactwww.natsource.fr<\/p><\/div><p><u>1.3 Anfitri\u00f3n (en lo sucesivo, \"Anfitri\u00f3n\")<\/u> :<\/p><p>www.natsource.fr est\u00e1 alojado en OVH RCS Roubaix, con domicilio social en 2 rue Kellermann - 59100 Roubaix - Francia.<\/p><h3><strong>Art\u00edculo 2 - Acceso al recinto<\/strong><\/h3><p>El acceso y la utilizaci\u00f3n del sitio son estrictamente para uso personal. Usted se compromete a no utilizar este sitio ni la informaci\u00f3n o los datos que contiene con fines comerciales, pol\u00edticos o publicitarios, ni para ning\u00fan tipo de solicitud comercial, en particular el env\u00edo de correos electr\u00f3nicos no solicitados.<\/p><h3><strong>Art\u00edculo 3 - Contenido del sitio<\/strong><\/h3><p>Todas las marcas, fotograf\u00edas, textos, comentarios, ilustraciones, im\u00e1genes (animadas o no), secuencias de v\u00eddeo, sonidos, as\u00ed como todas las aplicaciones inform\u00e1ticas que puedan utilizarse para el funcionamiento de este sitio y, de forma m\u00e1s general, todos los elementos reproducidos o utilizados en el sitio est\u00e1n protegidos por la legislaci\u00f3n vigente en materia de propiedad intelectual.<\/p><p>Son propiedad plena y entera del editor o de sus socios. Queda terminantemente prohibida toda reproducci\u00f3n, representaci\u00f3n, utilizaci\u00f3n o adaptaci\u00f3n, en cualquier forma, de la totalidad o parte de estos elementos, incluidas las aplicaciones inform\u00e1ticas, sin el consentimiento previo por escrito del editor. El hecho de que el editor no inicie un procedimiento en cuanto tenga conocimiento de dicha utilizaci\u00f3n no autorizada no constituye la aceptaci\u00f3n de dicha utilizaci\u00f3n ni la renuncia a entablar acciones judiciales.<\/p><h3><strong>Art\u00edculo 4 - Gesti\u00f3n del sitio<\/strong><\/h3><p>Para la correcta gesti\u00f3n del sitio, el editor podr\u00e1 en cualquier momento :<\/p><ul><li>suspender, interrumpir o limitar el acceso a la totalidad o parte del sitio, o restringir el acceso al sitio, o a determinadas partes del mismo, a una categor\u00eda espec\u00edfica de usuarios de Internet;<\/li><li>suprimir cualquier informaci\u00f3n que pueda perturbar su funcionamiento o contravenir las leyes nacionales o internacionales;<\/li><li>suspender el sitio para realizar actualizaciones.<\/li><\/ul><h3><strong>Art\u00edculo 5 - Responsabilidades<\/strong><\/h3><p>El editor no podr\u00e1 ser considerado responsable en caso de fallo, aver\u00eda, dificultad o interrupci\u00f3n del funcionamiento que impida el acceso al sitio o a cualquiera de sus funciones.<\/p><p>Usted es enteramente responsable del equipo que utilice para conectarse al sitio. Debe tomar todas las medidas adecuadas para proteger su equipo y sus propios datos, en particular de los ataques virales a trav\u00e9s de Internet. Tambi\u00e9n es usted el \u00fanico responsable de los sitios y datos que consulte.<\/p><p>El editor no se hace responsable de ninguna acci\u00f3n legal emprendida contra usted:<\/p><ul><li>como resultado de la utilizaci\u00f3n del sitio o de cualquier servicio accesible a trav\u00e9s de Internet;<\/li><li>como consecuencia de su incumplimiento de las presentes condiciones.<\/li><\/ul><p>El editor no se hace responsable de los da\u00f1os causados a usted, a terceros y\/o a su equipo como consecuencia de su conexi\u00f3n o uso del sitio, y usted renuncia a cualquier reclamaci\u00f3n contra \u00e9l a este respecto.<\/p><p>Si el editor es objeto de un procedimiento amistoso o judicial como consecuencia de su uso del sitio, podr\u00e1 emprender acciones contra usted para obtener una indemnizaci\u00f3n por todas las p\u00e9rdidas, sumas, multas y costes que puedan derivarse de estos procedimientos.<\/p><h3><strong>Art\u00edculo 6 - Enlaces de hipertexto<\/strong><\/h3><p>El editor autoriza a los usuarios a establecer enlaces de hipertexto hacia la totalidad o parte del sitio. Todo enlace deber\u00e1 suprimirse a petici\u00f3n del editor.<\/p><p>Cualquier informaci\u00f3n accesible a trav\u00e9s de un enlace a otros sitios no es publicada por el editor. El editor no tiene derecho alguno sobre el contenido de dichos enlaces.<\/p><h3><strong>Art\u00edculo 7 - Recogida y protecci\u00f3n de datos<\/strong><\/h3><p>Sus datos son recogidos por Natsource - Biohorti S.L.<\/p><p>Por datos personales se entender\u00e1 toda informaci\u00f3n sobre una persona f\u00edsica identificada o identificable (interesado); se considerar\u00e1 identificable toda persona cuya identidad pueda determinarse, directa o indirectamente, en particular mediante un nombre, un n\u00famero de identificaci\u00f3n o uno o varios elementos espec\u00edficos, caracter\u00edsticos de su identidad f\u00edsica, fisiol\u00f3gica, gen\u00e9tica, ps\u00edquica, econ\u00f3mica, cultural o social.<\/p><p>La informaci\u00f3n personal que puede recogerse en el sitio es utilizada principalmente por el editor para gestionar las relaciones con usted y, en su caso, para procesar sus pedidos.<\/p><p>Los datos personales recogidos son los siguientes<\/p><div><ul><li>nombre completo<\/li><li>direcci\u00f3n<\/li><li>direcci\u00f3n postal<\/li><li>n\u00famero de tel\u00e9fono<\/li><li>empresa<\/li><\/ul><\/div><h3><strong>Art\u00edculo 8 - Derecho de acceso, rectificaci\u00f3n y supresi\u00f3n de sus datos<\/strong><\/h3><p>De conformidad con la normativa aplicable a los datos personales, los usuarios tienen los siguientes derechos:<\/p><ul><li>derecho de acceso: el usuario podr\u00e1 ejercer su derecho de acceso a sus datos personales escribiendo a la direcci\u00f3n de correo electr\u00f3nico que se indica m\u00e1s abajo. En este caso, antes de ejercer este derecho, la Plataforma podr\u00e1 solicitar una prueba de la identidad del usuario con el fin de verificar su exactitud;<\/li><li dir=\"ltr\"><p dir=\"ltr\">derecho de rectificaci\u00f3n: si los datos personales que obran en poder de la Plataforma son inexactos, puede solicitar que se actualicen;<\/p><\/li><li dir=\"ltr\"><p dir=\"ltr\">derecho de supresi\u00f3n de datos: los usuarios pueden solicitar la supresi\u00f3n de sus datos personales, de conformidad con la legislaci\u00f3n aplicable en materia de protecci\u00f3n de datos;<\/p><\/li><li dir=\"ltr\"><p dir=\"ltr\">derecho a restringir el tratamiento: los usuarios pueden solicitar a la Plataforma que restrinja el tratamiento de los datos personales de conformidad con lo dispuesto en el RGPD;<\/p><\/li><li dir=\"ltr\"><p dir=\"ltr\">derecho de oposici\u00f3n al tratamiento de datos: los usuarios podr\u00e1n oponerse a que sus datos sean tratados de acuerdo con los supuestos establecidos en el RGPD ;<\/p><\/li><li dir=\"ltr\"><p dir=\"ltr\">derecho a la portabilidad: pueden solicitar que la Plataforma les devuelva los datos personales que han facilitado para transferirlos a una nueva Plataforma.<\/p><\/li><\/ul><p>Puede ejercer este derecho poni\u00e9ndose en contacto con nosotros en la siguiente direcci\u00f3n:<\/p><p>Carrer Sud 1,<br \/>08329 Teia, Barcelona, Espa\u00f1a<\/p><p>O por correo electr\u00f3nico a :<\/p><div><p>contactowww.natsource.fr<\/p><\/div><p>Todas las solicitudes deber\u00e1n ir acompa\u00f1adas de una fotocopia de un documento de identidad v\u00e1lido y firmado, e indicar la direcci\u00f3n en la que el editor puede ponerse en contacto con el solicitante. Se enviar\u00e1 una respuesta en el plazo de un mes a partir de la recepci\u00f3n de la solicitud. Este plazo de un mes podr\u00e1 prorrogarse dos meses si la complejidad de la solicitud y\/o el n\u00famero de solicitudes as\u00ed lo exigen.<\/p><p>Adem\u00e1s, y desde la Ley n.\u00ba 2016-1321 de 7 de octubre de 2016, las personas f\u00edsicas que lo deseen tienen la posibilidad de organizar el destino de sus datos tras su fallecimiento. Para m\u00e1s informaci\u00f3n sobre el tema, puede visitar el sitio web de la CNIL: https:\/\/www.cnil.fr\/.<\/p><p dir=\"ltr\">Los usuarios tambi\u00e9n pueden presentar una denuncia ante la CNIL en el sitio web de la CNIL: https:\/\/www.cnil.fr.<\/p><p dir=\"ltr\">Le recomendamos que se ponga primero en contacto con nosotros antes de presentar una reclamaci\u00f3n ante la CNIL, ya que estamos a su entera disposici\u00f3n para resolver su problema.<\/p><h3><strong>Art\u00edculo 9 - Utilizaci\u00f3n de los datos<\/strong><\/h3><p>Los datos personales recogidos de los usuarios se utilizan para prestar y mejorar los servicios de la Plataforma y para mantener un entorno seguro. La base jur\u00eddica del tratamiento es la ejecuci\u00f3n del contrato entre el usuario y la Plataforma. M\u00e1s concretamente, los datos se utilizan para los siguientes fines<\/p><ul><li dir=\"ltr\">acceso y uso de la Plataforma por parte del usuario ;<\/li><li dir=\"ltr\">gestionar el funcionamiento y la optimizaci\u00f3n de la Plataforma;<\/li><li dir=\"ltr\">aplicaci\u00f3n de la asistencia al usuario ;<\/li><li dir=\"ltr\">verificaci\u00f3n, identificaci\u00f3n y autenticaci\u00f3n de los datos transmitidos por el usuario ;<\/li><li dir=\"ltr\">personalizar los servicios mostrando anuncios basados en el historial de navegaci\u00f3n y las preferencias del usuario;<\/li><li dir=\"ltr\">prevenci\u00f3n y detecci\u00f3n de fraudes, software malicioso y gesti\u00f3n de incidentes de seguridad;<\/li><li dir=\"ltr\">gestionar los posibles litigios con los usuarios;<\/li><li dir=\"ltr\">env\u00edo de informaci\u00f3n comercial y publicitaria basada en las preferencias del usuario;<\/li><\/ul><h3><strong>Art\u00edculo 10 - Pol\u00edtica de conservaci\u00f3n de datos<\/strong><\/h3><p dir=\"ltr\">La Plataforma conserva sus datos durante el tiempo necesario para prestarle sus servicios o asistencia.<\/p><p>En la medida en que sea razonablemente necesario o requerido para cumplir con obligaciones legales o reglamentarias, resolver disputas, prevenir el fraude y el abuso o hacer cumplir nuestros t\u00e9rminos y condiciones, tambi\u00e9n podemos retener parte de su informaci\u00f3n seg\u00fan sea necesario, incluso despu\u00e9s de que haya cerrado su cuenta o ya no la necesitemos para proporcionarle nuestros servicios.<\/p><h3><strong>Art\u00edculo 11 - Compartir datos personales con terceros<\/strong><\/h3><p>Los datos personales podr\u00e1n compartirse con terceras empresas exclusivamente dentro de la Uni\u00f3n Europea, en los siguientes casos:<\/p><ul><li dir=\"ltr\">cuando el usuario publique informaci\u00f3n accesible al p\u00fablico en las zonas de comentarios libres de la Plataforma;<\/li><li dir=\"ltr\">cuando el usuario autoriza al sitio web de un tercero a acceder a sus datos;<\/li><li dir=\"ltr\">cuando la Plataforma utilice los servicios de proveedores de servicios para prestar servicios de asistencia al usuario, publicidad y pago. Estos proveedores de servicios tienen acceso limitado a los datos del usuario para prestar estos servicios, y est\u00e1n obligados contractualmente a utilizarlos de conformidad con lo dispuesto en la normativa aplicable en materia de protecci\u00f3n de datos personales;<\/li><li dir=\"ltr\">si as\u00ed lo exige la ley, la Plataforma podr\u00e1 transmitir datos con el fin de presentar reclamaciones contra la Plataforma y cumplir con los procedimientos administrativos y judiciales.<\/li><\/ul><h3><strong>Art\u00edculo 12 - Ofertas comerciales<\/strong><\/h3><p>Es posible que reciba ofertas comerciales del editor. Si no lo desea, haga clic en el siguiente enlace: https:\/\/www.natsource.fr\/contact\/.<\/p><p>Sus datos podr\u00e1n ser utilizados por los socios del editor con fines de prospecci\u00f3n comercial. Si no lo desea, haga clic en el siguiente enlace: https:\/\/www.natsource.fr\/contact\/.<\/p><p>Si, al consultar el sitio, accede a datos personales, debe abstenerse de cualquier recogida, de cualquier uso no autorizado y de cualquier acto que pueda constituir un atentado contra la vida privada o la reputaci\u00f3n de las personas. El editor declina toda responsabilidad a este respecto.<\/p><p>Los datos se conservan y utilizan durante un periodo de tiempo conforme a la legislaci\u00f3n vigente.<\/p><h3><strong>Art\u00edculo 13 - Cookies<\/strong><\/h3><p>\u00bfQu\u00e9 es una galleta?<\/p><p>Una cookie es un archivo electr\u00f3nico que se almacena en un terminal (ordenador, tableta, smartphone, etc.) y se lee, por ejemplo, al visitar un sitio web, leer un correo electr\u00f3nico, instalar o utilizar un software o una aplicaci\u00f3n m\u00f3vil, independientemente del tipo de terminal utilizado (fuente: https:\/\/www.cnil.fr\/fr\/cookies-traceurs-que-dit-la-loi).<\/p><p>El sitio puede recoger autom\u00e1ticamente informaci\u00f3n est\u00e1ndar. Cualquier informaci\u00f3n recopilada indirectamente s\u00f3lo se utilizar\u00e1 para controlar el volumen, el tipo y el patr\u00f3n de tr\u00e1fico que utiliza este sitio, para desarrollar el dise\u00f1o y la disposici\u00f3n del sitio y para otros fines administrativos y de planificaci\u00f3n y, en general, para mejorar el servicio que le prestamos.<\/p><p>En su caso, las cookies emitidas por el editor del sitio y\/o por terceras empresas podr\u00e1n instalarse en su terminal con su consentimiento. En este caso, la primera vez que navegue por este sitio, aparecer\u00e1 un banner explicativo sobre el uso de cookies. Antes de continuar navegando, el cliente y\/o posible cliente deber\u00e1 aceptar o rechazar el uso de cookies. El consentimiento otorgado tendr\u00e1 una validez de trece (13) meses. El usuario podr\u00e1 desactivar las cookies en cualquier momento.<\/p><p>En este sitio se utilizan las siguientes cookies:<\/p><div><p><strong>Cookies de Google :<\/strong><\/p><ul><li>Google Analytics: se utiliza para medir la audiencia del sitio;<\/li><li>Gestor de etiquetas de Google: facilita la implementaci\u00f3n de etiquetas en las p\u00e1ginas y la gesti\u00f3n de las etiquetas de Google;<\/li><li>Google Adsense: Red publicitaria de Google que utiliza sitios web o v\u00eddeos de YouTube como soporte para sus anuncios;<\/li><li>Google Dynamic Remarketing: ofrece publicidad din\u00e1mica basada en b\u00fasquedas anteriores;<\/li><li>Google Adwords Conversion: herramienta de seguimiento de campa\u00f1as adwords ;<\/li><li>DoubleClick: cookies publicitarias de Google para mostrar banners.<\/li><\/ul><p>Estas galletas tienen una vida \u00fatil de trece meses.<\/p><\/div><h3><strong>Art\u00edculo 14 - Fotograf\u00edas y representaci\u00f3n de productos<\/strong><\/h3><p>Las fotograf\u00edas de los productos que acompa\u00f1an a su descripci\u00f3n no son contractuales y no comprometen al editor.<\/p><h3><strong>Art\u00edculo 15 - Legislaci\u00f3n aplicable<\/strong><\/h3><p>Las presentes condiciones de uso del sitio se rigen por el derecho franc\u00e9s y se someten a la jurisdicci\u00f3n de los tribunales del domicilio social del editor, a reserva de una atribuci\u00f3n espec\u00edfica de competencia derivada de un texto legal o reglamentario particular.<\/p><h3><strong>Art\u00edculo 16 - Contacto<\/strong><\/h3><p>Si tiene alguna pregunta o necesita informaci\u00f3n sobre los productos presentados en el sitio, o sobre el propio sitio, puede dejar un mensaje en la siguiente direcci\u00f3n: contactwww.natsource.fr.<\/p><p>\u00a0<\/p>\t\t\t\t\t\t<\/div>\n\t\t\t\t<\/div>\n\t\t\t\t\t<\/div>\n\t\t<\/div>\n\t\t\t\t\t<\/div>\n\t\t<\/section>\n\t\t\t\t<\/div>","protected":false},"excerpt":{"rendered":"<p>Aviso legal Aviso legal y pol\u00edtica de privacidad Natsource - Biohorti S.L., preocupada por los derechos de las personas f\u00edsicas, en particular en lo que se refiere al tratamiento automatizado, y en aras de la transparencia con sus clientes, ha elaborado una pol\u00edtica que abarca todos estos tratamientos, los fines para los que se llevan a cabo y los medios [...].<\/p>","protected":false},"author":1,"featured_media":0,"parent":0,"menu_order":0,"comment_status":"closed","ping_status":"closed","template":"elementor_header_footer","meta":{"om_disable_all_campaigns":false,"_monsterinsights_skip_tracking":false,"_monsterinsights_sitenote_active":false,"_monsterinsights_sitenote_note":"","_monsterinsights_sitenote_category":0,"footnotes":""},"class_list":["post-377","page","type-page","status-publish","hentry"],"yoast_head":"<!-- This site is optimized with the Yoast SEO plugin v23.5 - https:\/\/yoast.com\/wordpress\/plugins\/seo\/ -->\n<title>Mentions l\u00e9gales - Natsource<\/title>\n<meta name=\"description\" content=\"Consultez nos mentions l\u00e9gales, notre politique de confidentialit\u00e9 et notre politique de gestion des cookies.\" \/>\n<meta name=\"robots\" content=\"index, follow, max-snippet:-1, max-image-preview:large, max-video-preview:-1\" \/>\n<link rel=\"canonical\" href=\"https:\/\/www.natsource.fr\/es\/mentions-legales\/\" \/>\n<meta property=\"og:locale\" content=\"es_ES\" \/>\n<meta property=\"og:type\" content=\"article\" \/>\n<meta property=\"og:title\" content=\"Mentions l\u00e9gales - Natsource\" \/>\n<meta property=\"og:description\" content=\"Consultez nos mentions l\u00e9gales, notre politique de confidentialit\u00e9 et notre politique de gestion des cookies.\" \/>\n<meta property=\"og:url\" content=\"https:\/\/www.natsource.fr\/es\/mentions-legales\/\" \/>\n<meta property=\"og:site_name\" content=\"Natsource\" \/>\n<meta property=\"article:modified_time\" content=\"2024-06-11T14:56:39+00:00\" \/>\n<meta name=\"twitter:card\" content=\"summary_large_image\" \/>\n<meta name=\"twitter:label1\" content=\"Tiempo de lectura\" \/>\n\t<meta name=\"twitter:data1\" content=\"11 minutos\" \/>\n<script type=\"application\/ld+json\" class=\"yoast-schema-graph\">{\"@context\":\"https:\/\/schema.org\",\"@graph\":[{\"@type\":\"WebPage\",\"@id\":\"https:\/\/www.natsource.fr\/mentions-legales\/\",\"url\":\"https:\/\/www.natsource.fr\/mentions-legales\/\",\"name\":\"Mentions l\u00e9gales - Natsource\",\"isPartOf\":{\"@id\":\"https:\/\/www.natsource.fr\/es\/#website\"},\"datePublished\":\"2023-01-18T20:54:29+00:00\",\"dateModified\":\"2024-06-11T14:56:39+00:00\",\"description\":\"Consultez nos mentions l\u00e9gales, notre politique de confidentialit\u00e9 et notre politique de gestion des cookies.\",\"breadcrumb\":{\"@id\":\"https:\/\/www.natsource.fr\/mentions-legales\/#breadcrumb\"},\"inLanguage\":\"es\",\"potentialAction\":[{\"@type\":\"ReadAction\",\"target\":[\"https:\/\/www.natsource.fr\/mentions-legales\/\"]}]},{\"@type\":\"BreadcrumbList\",\"@id\":\"https:\/\/www.natsource.fr\/mentions-legales\/#breadcrumb\",\"itemListElement\":[{\"@type\":\"ListItem\",\"position\":1,\"name\":\"Home\",\"item\":\"https:\/\/www.natsource.fr\/es\/\"},{\"@type\":\"ListItem\",\"position\":2,\"name\":\"Mentions l\u00e9gales\"}]},{\"@type\":\"WebSite\",\"@id\":\"https:\/\/www.natsource.fr\/es\/#website\",\"url\":\"https:\/\/www.natsource.fr\/es\/\",\"name\":\"Natsource\",\"description\":\"\",\"publisher\":{\"@id\":\"https:\/\/www.natsource.fr\/es\/#organization\"},\"potentialAction\":[{\"@type\":\"SearchAction\",\"target\":{\"@type\":\"EntryPoint\",\"urlTemplate\":\"https:\/\/www.natsource.fr\/es\/?s={search_term_string}\"},\"query-input\":{\"@type\":\"PropertyValueSpecification\",\"valueRequired\":true,\"valueName\":\"search_term_string\"}}],\"inLanguage\":\"es\"},{\"@type\":\"Organization\",\"@id\":\"https:\/\/www.natsource.fr\/es\/#organization\",\"name\":\"Natsource\",\"url\":\"https:\/\/www.natsource.fr\/es\/\",\"logo\":{\"@type\":\"ImageObject\",\"inLanguage\":\"es\",\"@id\":\"https:\/\/www.natsource.fr\/es\/#\/schema\/logo\/image\/\",\"url\":\"\",\"contentUrl\":\"\",\"caption\":\"Natsource\"},\"image\":{\"@id\":\"https:\/\/www.natsource.fr\/es\/#\/schema\/logo\/image\/\"},\"sameAs\":[\"https:\/\/www.linkedin.com\/company\/natsource-fr\/\"]}]}<\/script>\n<!-- \/ Yoast SEO plugin. -->","yoast_head_json":{"title":"Mentions l\u00e9gales - Natsource","description":"Consultez nos mentions l\u00e9gales, notre politique de confidentialit\u00e9 et notre politique de gestion des cookies.","robots":{"index":"index","follow":"follow","max-snippet":"max-snippet:-1","max-image-preview":"max-image-preview:large","max-video-preview":"max-video-preview:-1"},"canonical":"https:\/\/www.natsource.fr\/es\/mentions-legales\/","og_locale":"es_ES","og_type":"article","og_title":"Mentions l\u00e9gales - Natsource","og_description":"Consultez nos mentions l\u00e9gales, notre politique de confidentialit\u00e9 et notre politique de gestion des cookies.","og_url":"https:\/\/www.natsource.fr\/es\/mentions-legales\/","og_site_name":"Natsource","article_modified_time":"2024-06-11T14:56:39+00:00","twitter_card":"summary_large_image","twitter_misc":{"Tiempo de lectura":"11 minutos"},"schema":{"@context":"https:\/\/schema.org","@graph":[{"@type":"WebPage","@id":"https:\/\/www.natsource.fr\/mentions-legales\/","url":"https:\/\/www.natsource.fr\/mentions-legales\/","name":"Mentions l\u00e9gales - Natsource","isPartOf":{"@id":"https:\/\/www.natsource.fr\/es\/#website"},"datePublished":"2023-01-18T20:54:29+00:00","dateModified":"2024-06-11T14:56:39+00:00","description":"Consultez nos mentions l\u00e9gales, notre politique de confidentialit\u00e9 et notre politique de gestion des cookies.","breadcrumb":{"@id":"https:\/\/www.natsource.fr\/mentions-legales\/#breadcrumb"},"inLanguage":"es","potentialAction":[{"@type":"ReadAction","target":["https:\/\/www.natsource.fr\/mentions-legales\/"]}]},{"@type":"BreadcrumbList","@id":"https:\/\/www.natsource.fr\/mentions-legales\/#breadcrumb","itemListElement":[{"@type":"ListItem","position":1,"name":"Home","item":"https:\/\/www.natsource.fr\/es\/"},{"@type":"ListItem","position":2,"name":"Mentions l\u00e9gales"}]},{"@type":"WebSite","@id":"https:\/\/www.natsource.fr\/es\/#website","url":"https:\/\/www.natsource.fr\/es\/","name":"Natsource","description":"","publisher":{"@id":"https:\/\/www.natsource.fr\/es\/#organization"},"potentialAction":[{"@type":"SearchAction","target":{"@type":"EntryPoint","urlTemplate":"https:\/\/www.natsource.fr\/es\/?s={search_term_string}"},"query-input":{"@type":"PropertyValueSpecification","valueRequired":true,"valueName":"search_term_string"}}],"inLanguage":"es"},{"@type":"Organization","@id":"https:\/\/www.natsource.fr\/es\/#organization","name":"Natsource","url":"https:\/\/www.natsource.fr\/es\/","logo":{"@type":"ImageObject","inLanguage":"es","@id":"https:\/\/www.natsource.fr\/es\/#\/schema\/logo\/image\/","url":"","contentUrl":"","caption":"Natsource"},"image":{"@id":"https:\/\/www.natsource.fr\/es\/#\/schema\/logo\/image\/"},"sameAs":["https:\/\/www.linkedin.com\/company\/natsource-fr\/"]}]}},"_links":{"self":[{"href":"https:\/\/www.natsource.fr\/es\/wp-json\/wp\/v2\/pages\/377","targetHints":{"allow":["GET"]}}],"collection":[{"href":"https:\/\/www.natsource.fr\/es\/wp-json\/wp\/v2\/pages"}],"about":[{"href":"https:\/\/www.natsource.fr\/es\/wp-json\/wp\/v2\/types\/page"}],"author":[{"embeddable":true,"href":"https:\/\/www.natsource.fr\/es\/wp-json\/wp\/v2\/users\/1"}],"replies":[{"embeddable":true,"href":"https:\/\/www.natsource.fr\/es\/wp-json\/wp\/v2\/comments?post=377"}],"version-history":[{"count":35,"href":"https:\/\/www.natsource.fr\/es\/wp-json\/wp\/v2\/pages\/377\/revisions"}],"predecessor-version":[{"id":1210,"href":"https:\/\/www.natsource.fr\/es\/wp-json\/wp\/v2\/pages\/377\/revisions\/1210"}],"wp:attachment":[{"href":"https:\/\/www.natsource.fr\/es\/wp-json\/wp\/v2\/media?parent=377"}],"curies":[{"name":"wp","href":"https:\/\/api.w.org\/{rel}","templated":true}]}}